{"id":2,"date":"2011-10-09T21:07:34","date_gmt":"2011-10-09T19:07:34","guid":{"rendered":"http:\/\/www.yapimpro.net\/?page_id=2"},"modified":"2024-03-26T16:01:41","modified_gmt":"2024-03-26T14:01:41","slug":"about","status":"publish","type":"page","link":"https:\/\/www.nonsens-impro.net\/?page_id=2","title":{"rendered":"Nous contacter"},"content":{"rendered":"\t\t<div data-elementor-type=\"wp-page\" data-elementor-id=\"2\" class=\"elementor elementor-2\">\n\t\t\t\t\t\t<section class=\"elementor-section elementor-top-section elementor-element elementor-element-3c080cc6 elementor-section-content-middle elementor-section-boxed elementor-section-height-default elementor-section-height-default\" data-id=\"3c080cc6\" data-element_type=\"section\">\n\t\t\t\t\t\t<div class=\"elementor-container elementor-column-gap-no\">\n\t\t\t\t\t<div class=\"elementor-column elementor-col-50 elementor-top-column elementor-element elementor-element-54ae5dc9\" data-id=\"54ae5dc9\" data-element_type=\"column\">\n\t\t\t<div class=\"elementor-widget-wrap elementor-element-populated\">\n\t\t\t\t\t\t<div class=\"elementor-element elementor-element-14b4312a elementor-widget elementor-widget-image\" data-id=\"14b4312a\" data-element_type=\"widget\" data-widget_type=\"image.default\">\n\t\t\t\t<div class=\"elementor-widget-container\">\n\t\t\t\t\t\t\t\t\t\t\t\t\t<img fetchpriority=\"high\" decoding=\"async\" width=\"768\" height=\"1024\" src=\"https:\/\/www.nonsens-impro.net\/wp-content\/uploads\/2023\/02\/CDP-20022016-7-768x1024.jpg\" class=\"attachment-medium_large size-medium_large wp-image-1015\" alt=\"\" srcset=\"https:\/\/www.nonsens-impro.net\/wp-content\/uploads\/2023\/02\/CDP-20022016-7-768x1024.jpg 768w, https:\/\/www.nonsens-impro.net\/wp-content\/uploads\/2023\/02\/CDP-20022016-7-225x300.jpg 225w, https:\/\/www.nonsens-impro.net\/wp-content\/uploads\/2023\/02\/CDP-20022016-7-1152x1536.jpg 1152w, https:\/\/www.nonsens-impro.net\/wp-content\/uploads\/2023\/02\/CDP-20022016-7-1536x2048.jpg 1536w, https:\/\/www.nonsens-impro.net\/wp-content\/uploads\/2023\/02\/CDP-20022016-7-scaled.jpg 1920w\" sizes=\"(max-width: 768px) 100vw, 768px\" \/>\t\t\t\t\t\t\t\t\t\t\t\t\t<\/div>\n\t\t\t\t<\/div>\n\t\t\t\t\t<\/div>\n\t\t<\/div>\n\t\t\t\t<div class=\"elementor-column elementor-col-50 elementor-top-column elementor-element elementor-element-4739a85d\" data-id=\"4739a85d\" data-element_type=\"column\">\n\t\t\t<div class=\"elementor-widget-wrap elementor-element-populated\">\n\t\t\t\t\t\t<div class=\"elementor-element elementor-element-468b2c0e elementor-widget elementor-widget-heading\" data-id=\"468b2c0e\" data-element_type=\"widget\" data-widget_type=\"heading.default\">\n\t\t\t\t<div class=\"elementor-widget-container\">\n\t\t\t<h4 class=\"elementor-heading-title elementor-size-default\">Nous rejoindre ?<\/h4>\t\t<\/div>\n\t\t\t\t<\/div>\n\t\t\t\t<div class=\"elementor-element elementor-element-1228203 elementor-widget elementor-widget-text-editor\" data-id=\"1228203\" data-element_type=\"widget\" data-widget_type=\"text-editor.default\">\n\t\t\t\t<div class=\"elementor-widget-container\">\n\t\t\t\t\t\t\t<p><span style=\"color: #000000;\">La troupe recrute toute l&rsquo;ann\u00e9e des improvisateurs exp\u00e9riment\u00e9s.<\/span><\/p><p><span style=\"color: #000000;\">Entrainements les jeudis soirs dans le 17e arrondissement (M\u00e9tro Pont Cardinet). N&rsquo;h\u00e9sitez pas \u00e0 nous contacter par <a href=\"mailto:nonsens.impro@gmail.com\" target=\"_blank\" rel=\"noopener\">email<\/a> ou sur notre page<span style=\"color: var( --e-global-color-text ); font-family: var( --e-global-typography-text-font-family ), Sans-serif; font-weight: var( --e-global-typography-text-font-weight ); font-size: 1rem;\">\u00a0<\/span><a style=\"font-family: var( --e-global-typography-text-font-family ), Sans-serif; font-weight: var( --e-global-typography-text-font-weight ); font-size: 1rem; background-color: #ffffff;\" href=\"https:\/\/fr-fr.facebook.com\/people\/Les-Non-Sens\/100057594633305\/\" target=\"_blank\" rel=\"noopener\">Facebook<\/a><span style=\"color: var( --e-global-color-text ); font-family: var( --e-global-typography-text-font-family ), Sans-serif; font-weight: var( --e-global-typography-text-font-weight ); font-size: 1rem;\">.<\/span><\/span><\/p>\t\t\t\t\t\t<\/div>\n\t\t\t\t<\/div>\n\t\t\t\t\t<\/div>\n\t\t<\/div>\n\t\t\t\t\t<\/div>\n\t\t<\/section>\n\t\t\t\t<section class=\"elementor-section elementor-top-section elementor-element elementor-element-4535f4cc elementor-section-content-middle elementor-section-boxed elementor-section-height-default elementor-section-height-default\" data-id=\"4535f4cc\" data-element_type=\"section\">\n\t\t\t\t\t\t<div class=\"elementor-container elementor-column-gap-no\">\n\t\t\t\t\t<div class=\"elementor-column elementor-col-100 elementor-top-column elementor-element elementor-element-4a0992a7\" data-id=\"4a0992a7\" data-element_type=\"column\">\n\t\t\t<div class=\"elementor-widget-wrap elementor-element-populated\">\n\t\t\t\t\t\t<div class=\"elementor-element elementor-element-24b82eb0 elementor-widget elementor-widget-heading\" data-id=\"24b82eb0\" data-element_type=\"widget\" data-widget_type=\"heading.default\">\n\t\t\t\t<div class=\"elementor-widget-container\">\n\t\t\t<h4 class=\"elementor-heading-title elementor-size-default\">Pour toute question :<\/h4>\t\t<\/div>\n\t\t\t\t<\/div>\n\t\t\t\t<div class=\"elementor-element elementor-element-3ceb5343 elementor-widget elementor-widget-heading\" data-id=\"3ceb5343\" data-element_type=\"widget\" data-widget_type=\"heading.default\">\n\t\t\t\t<div class=\"elementor-widget-container\">\n\t\t\t<h4 class=\"elementor-heading-title elementor-size-default\"><a href=\"mailto:nonsens.impro@gmail.com\">nonsens.impro@gmail.com<\/a><\/h4>\t\t<\/div>\n\t\t\t\t<\/div>\n\t\t\t\t<div class=\"elementor-element elementor-element-3cce0096 elementor-widget elementor-widget-text-editor\" data-id=\"3cce0096\" data-element_type=\"widget\" data-widget_type=\"text-editor.default\">\n\t\t\t\t<div class=\"elementor-widget-container\">\n\t\t\t\t\t\t\t<p><span style=\"color: #000000; font-family: var( --e-global-typography-text-font-family ), Sans-serif;\">La meilleure fa\u00e7on de nous conna\u00eetre, c&rsquo;est de nous voir sur sc\u00e8ne \ud83d\ude09<\/span><\/p>\t\t\t\t\t\t<\/div>\n\t\t\t\t<\/div>\n\t\t\t\t<div class=\"elementor-element elementor-element-79468b37 elementor-shape-square e-grid-align-left elementor-grid-0 elementor-widget elementor-widget-social-icons\" data-id=\"79468b37\" data-element_type=\"widget\" data-widget_type=\"social-icons.default\">\n\t\t\t\t<div class=\"elementor-widget-container\">\n\t\t\t\t\t<div class=\"elementor-social-icons-wrapper elementor-grid\">\n\t\t\t\t\t\t\t<span class=\"elementor-grid-item\">\n\t\t\t\t\t<a class=\"elementor-icon elementor-social-icon elementor-social-icon-facebook-f elementor-animation-grow elementor-repeater-item-9c86cde\" href=\"https:\/\/fr-fr.facebook.com\/people\/Les-Non-Sens\/100057594633305\/\" target=\"_blank\">\n\t\t\t\t\t\t<span class=\"elementor-screen-only\">Facebook-f<\/span>\n\t\t\t\t\t\t<i class=\"fab fa-facebook-f\"><\/i>\t\t\t\t\t<\/a>\n\t\t\t\t<\/span>\n\t\t\t\t\t\t\t<span class=\"elementor-grid-item\">\n\t\t\t\t\t<a class=\"elementor-icon elementor-social-icon elementor-social-icon-youtube elementor-animation-grow elementor-repeater-item-31673c9\" href=\"https:\/\/www.youtube.com\/channel\/UCCOwMUhNPPnkOMWtQ69SYAA\" target=\"_blank\">\n\t\t\t\t\t\t<span class=\"elementor-screen-only\">Youtube<\/span>\n\t\t\t\t\t\t<i class=\"fab fa-youtube\"><\/i>\t\t\t\t\t<\/a>\n\t\t\t\t<\/span>\n\t\t\t\t\t\t\t<span class=\"elementor-grid-item\">\n\t\t\t\t\t<a class=\"elementor-icon elementor-social-icon elementor-social-icon-theater-masks elementor-animation-grow elementor-repeater-item-2688b98\" href=\"https:\/\/www.billetreduc.com\/246348\/evt.htm\" target=\"_blank\">\n\t\t\t\t\t\t<span class=\"elementor-screen-only\">Theater-masks<\/span>\n\t\t\t\t\t\t<i class=\"fas fa-theater-masks\"><\/i>\t\t\t\t\t<\/a>\n\t\t\t\t<\/span>\n\t\t\t\t\t<\/div>\n\t\t\t\t<\/div>\n\t\t\t\t<\/div>\n\t\t\t\t\t<\/div>\n\t\t<\/div>\n\t\t\t\t\t<\/div>\n\t\t<\/section>\n\t\t\t\t<\/div>\n\t\t","protected":false},"excerpt":{"rendered":"<p>Nous rejoindre ? La troupe recrute toute l&rsquo;ann\u00e9e des improvisateurs exp\u00e9riment\u00e9s. Entrainements les jeudis soirs dans le 17e arrondissement (M\u00e9tro Pont Cardinet). N&rsquo;h\u00e9sitez pas \u00e0 nous contacter par email ou sur notre page\u00a0Facebook. Pour toute question : nonsens.impro@gmail.com La meilleure fa\u00e7on de nous conna\u00eetre, c&rsquo;est de nous voir sur sc\u00e8ne \ud83d\ude09 Facebook-f Youtube Theater-masks<\/p>\n","protected":false},"author":1,"featured_media":0,"parent":0,"menu_order":0,"comment_status":"closed","ping_status":"closed","template":"","meta":{"footnotes":""},"class_list":["post-2","page","type-page","status-publish","hentry"],"_links":{"self":[{"href":"https:\/\/www.nonsens-impro.net\/index.php?rest_route=\/wp\/v2\/pages\/2"}],"collection":[{"href":"https:\/\/www.nonsens-impro.net\/index.php?rest_route=\/wp\/v2\/pages"}],"about":[{"href":"https:\/\/www.nonsens-impro.net\/index.php?rest_route=\/wp\/v2\/types\/page"}],"author":[{"embeddable":true,"href":"https:\/\/www.nonsens-impro.net\/index.php?rest_route=\/wp\/v2\/users\/1"}],"replies":[{"embeddable":true,"href":"https:\/\/www.nonsens-impro.net\/index.php?rest_route=%2Fwp%2Fv2%2Fcomments&post=2"}],"version-history":[{"count":30,"href":"https:\/\/www.nonsens-impro.net\/index.php?rest_route=\/wp\/v2\/pages\/2\/revisions"}],"predecessor-version":[{"id":1218,"href":"https:\/\/www.nonsens-impro.net\/index.php?rest_route=\/wp\/v2\/pages\/2\/revisions\/1218"}],"wp:attachment":[{"href":"https:\/\/www.nonsens-impro.net\/index.php?rest_route=%2Fwp%2Fv2%2Fmedia&parent=2"}],"curies":[{"name":"wp","href":"https:\/\/api.w.org\/{rel}","templated":true}]}}