{"id":1145,"date":"2023-12-15T12:22:06","date_gmt":"2023-12-15T10:22:06","guid":{"rendered":"https:\/\/www.nonsens-impro.net\/?page_id=1145"},"modified":"2024-09-26T12:12:03","modified_gmt":"2024-09-26T10:12:03","slug":"spectacles-et-reservations","status":"publish","type":"page","link":"https:\/\/www.nonsens-impro.net\/?page_id=1145","title":{"rendered":"Spectacles et r\u00e9servations"},"content":{"rendered":"\t\t<div data-elementor-type=\"wp-page\" data-elementor-id=\"1145\" class=\"elementor elementor-1145\">\n\t\t\t\t\t\t<section class=\"elementor-section elementor-top-section elementor-element elementor-element-6821aea1 elementor-section-full_width elementor-section-height-default elementor-section-height-default\" data-id=\"6821aea1\" data-element_type=\"section\">\n\t\t\t\t\t\t<div class=\"elementor-container elementor-column-gap-no\">\n\t\t\t\t\t<div class=\"elementor-column elementor-col-100 elementor-top-column elementor-element elementor-element-52c53ee0\" data-id=\"52c53ee0\" data-element_type=\"column\">\n\t\t\t<div class=\"elementor-widget-wrap elementor-element-populated\">\n\t\t\t\t\t\t<section class=\"elementor-section elementor-inner-section elementor-element elementor-element-5ed3e2f7 elementor-section-full_width elementor-section-height-default elementor-section-height-default\" data-id=\"5ed3e2f7\" data-element_type=\"section\">\n\t\t\t\t\t\t<div class=\"elementor-container elementor-column-gap-no\">\n\t\t\t\t\t<div class=\"elementor-column elementor-col-33 elementor-inner-column elementor-element elementor-element-273f69fa\" data-id=\"273f69fa\" data-element_type=\"column\">\n\t\t\t<div class=\"elementor-widget-wrap elementor-element-populated\">\n\t\t\t\t\t\t<div class=\"elementor-element elementor-element-5ccaef70 elementor-position-top elementor-widget elementor-widget-image-box\" data-id=\"5ccaef70\" data-element_type=\"widget\" data-widget_type=\"image-box.default\">\n\t\t\t\t<div class=\"elementor-widget-container\">\n\t\t\t<div class=\"elementor-image-box-wrapper\"><figure class=\"elementor-image-box-img\"><a href=\"https:\/\/www.billetreduc.com\/246348\/evt.htm\" target=\"_blank\" tabindex=\"-1\"><img decoding=\"async\" src=\"https:\/\/www.nonsens-impro.net\/wp-content\/uploads\/elementor\/thumbs\/affiche_kibele2024-scaled-qgqxy5wusov6q0wv9tzrq6ni0dyzrx54cimi6ut0xs.jpg\" title=\"affiche_kib\u00e9l\u00e92024\" alt=\"affiche_kib\u00e9l\u00e92024\" class=\"elementor-animation-grow\" loading=\"lazy\" \/><\/a><\/figure><div class=\"elementor-image-box-content\"><h4 class=\"elementor-image-box-title\"><a href=\"https:\/\/www.billetreduc.com\/246348\/evt.htm\" target=\"_blank\">Le cabaret<\/a><\/h4><p class=\"elementor-image-box-description\">Les Non Sens savent peut \u00eatre o\u00f9 ils vont, mais ils ne savent pas encore comment, car \u00e0 chaque fois la route est diff\u00e9rente ! Cinq com\u00e9diens et leur MC inventeront pour vous ces histoires qui vous emm\u00e8neront\u2026 l\u00e0 o\u00f9 ils vont.<br><\/p><\/div><\/div>\t\t<\/div>\n\t\t\t\t<\/div>\n\t\t\t\t<div class=\"elementor-element elementor-element-53c8db6 elementor-align-center elementor-widget elementor-widget-button\" data-id=\"53c8db6\" data-element_type=\"widget\" data-widget_type=\"button.default\">\n\t\t\t\t<div class=\"elementor-widget-container\">\n\t\t\t\t\t<div class=\"elementor-button-wrapper\">\n\t\t\t<a class=\"elementor-button elementor-button-link elementor-size-sm\" href=\"https:\/\/www.billetreduc.com\/246348\/evt.htm\" target=\"_blank\">\n\t\t\t\t\t\t<span class=\"elementor-button-content-wrapper\">\n\t\t\t\t\t\t\t\t\t<span class=\"elementor-button-text\">R\u00e9server sur BilletReduc<\/span>\n\t\t\t\t\t<\/span>\n\t\t\t\t\t<\/a>\n\t\t<\/div>\n\t\t\t\t<\/div>\n\t\t\t\t<\/div>\n\t\t\t\t\t<\/div>\n\t\t<\/div>\n\t\t\t\t<div class=\"elementor-column elementor-col-33 elementor-inner-column elementor-element elementor-element-1b3bd0b8\" data-id=\"1b3bd0b8\" data-element_type=\"column\">\n\t\t\t<div class=\"elementor-widget-wrap elementor-element-populated\">\n\t\t\t\t\t\t<div class=\"elementor-element elementor-element-32ebb1cf elementor-position-top elementor-widget elementor-widget-image-box\" data-id=\"32ebb1cf\" data-element_type=\"widget\" data-widget_type=\"image-box.default\">\n\t\t\t\t<div class=\"elementor-widget-container\">\n\t\t\t<div class=\"elementor-image-box-wrapper\"><figure class=\"elementor-image-box-img\"><a href=\"https:\/\/www.billetreduc.com\/357775\/evt.htm\" target=\"_blank\" tabindex=\"-1\"><img decoding=\"async\" src=\"https:\/\/www.nonsens-impro.net\/wp-content\/uploads\/elementor\/thumbs\/Affiche-Enquete-de-sens-qgud3grepfpz8jamwnh2byft90skzm1hjbl09zi800.jpg\" title=\"Affiche Enqu\u00eate de sens\" alt=\"Affiche Enqu\u00eate de sens\" class=\"elementor-animation-grow\" loading=\"lazy\" \/><\/a><\/figure><div class=\"elementor-image-box-content\"><h4 class=\"elementor-image-box-title\"><a href=\"https:\/\/www.billetreduc.com\/357775\/evt.htm\" target=\"_blank\">Le Long Form<\/a><\/h4><p class=\"elementor-image-box-description\">Ils se connaissaient, ils s\u2019appr\u00e9ciaient, ils se faisaient confiance. Et pourtant\u2026\n\nEntre sentiments, faux semblants et dissensions, partez pendant une heure en(-)qu\u00eate de sens avec notre d\u00e9tective.<br><\/p><\/div><\/div>\t\t<\/div>\n\t\t\t\t<\/div>\n\t\t\t\t<div class=\"elementor-element elementor-element-ffda5c6 elementor-align-center elementor-widget elementor-widget-button\" data-id=\"ffda5c6\" data-element_type=\"widget\" data-widget_type=\"button.default\">\n\t\t\t\t<div class=\"elementor-widget-container\">\n\t\t\t\t\t<div class=\"elementor-button-wrapper\">\n\t\t\t<a class=\"elementor-button elementor-button-link elementor-size-sm\" href=\"https:\/\/www.billetreduc.com\/357775\/evt.htm\" target=\"_blank\">\n\t\t\t\t\t\t<span class=\"elementor-button-content-wrapper\">\n\t\t\t\t\t\t\t\t\t<span class=\"elementor-button-text\">R\u00e9server sur BilletReduc<\/span>\n\t\t\t\t\t<\/span>\n\t\t\t\t\t<\/a>\n\t\t<\/div>\n\t\t\t\t<\/div>\n\t\t\t\t<\/div>\n\t\t\t\t\t<\/div>\n\t\t<\/div>\n\t\t\t\t<div class=\"elementor-column elementor-col-33 elementor-inner-column elementor-element elementor-element-4546d6f0\" data-id=\"4546d6f0\" data-element_type=\"column\">\n\t\t\t<div class=\"elementor-widget-wrap elementor-element-populated\">\n\t\t\t\t\t\t<div class=\"elementor-element elementor-element-60e4f4cc elementor-position-top elementor-widget elementor-widget-image-box\" data-id=\"60e4f4cc\" data-element_type=\"widget\" data-widget_type=\"image-box.default\">\n\t\t\t\t<div class=\"elementor-widget-container\">\n\t\t\t<div class=\"elementor-image-box-wrapper\"><figure class=\"elementor-image-box-img\"><a href=\"https:\/\/fr-fr.facebook.com\/people\/Les-Non-Sens\/100057594633305\/\" target=\"_blank\" tabindex=\"-1\"><img decoding=\"async\" src=\"https:\/\/www.nonsens-impro.net\/wp-content\/uploads\/elementor\/thumbs\/affiche_match_Non_Sens_Vide-scaled-qgr6t6cyahkj1pj2gq7iyolby5lm5tlkvhczplsx6o.jpg\" title=\"affiche_match_Non_Sens_Vide\" alt=\"affiche_match_Non_Sens_Vide\" class=\"elementor-animation-grow\" loading=\"lazy\" \/><\/a><\/figure><div class=\"elementor-image-box-content\"><h4 class=\"elementor-image-box-title\"><a href=\"https:\/\/fr-fr.facebook.com\/people\/Les-Non-Sens\/100057594633305\/\" target=\"_blank\">Nos autres formats<\/a><\/h4><p class=\"elementor-image-box-description\">Retrouvez nos autres dates (matchs, d\u00e9placements, festivals, \u2026) sur notre page Facebook.<br><\/p><\/div><\/div>\t\t<\/div>\n\t\t\t\t<\/div>\n\t\t\t\t<div class=\"elementor-element elementor-element-b950711 elementor-align-center elementor-widget elementor-widget-button\" data-id=\"b950711\" data-element_type=\"widget\" data-widget_type=\"button.default\">\n\t\t\t\t<div class=\"elementor-widget-container\">\n\t\t\t\t\t<div class=\"elementor-button-wrapper\">\n\t\t\t<a class=\"elementor-button elementor-button-link elementor-size-sm\" href=\"https:\/\/fr-fr.facebook.com\/people\/Les-Non-Sens\/100057594633305\/\" target=\"_blank\">\n\t\t\t\t\t\t<span class=\"elementor-button-content-wrapper\">\n\t\t\t\t\t\t\t\t\t<span class=\"elementor-button-text\">Nous suivre sur Facebook<\/span>\n\t\t\t\t\t<\/span>\n\t\t\t\t\t<\/a>\n\t\t<\/div>\n\t\t\t\t<\/div>\n\t\t\t\t<\/div>\n\t\t\t\t\t<\/div>\n\t\t<\/div>\n\t\t\t\t\t<\/div>\n\t\t<\/section>\n\t\t\t\t\t<\/div>\n\t\t<\/div>\n\t\t\t\t\t<\/div>\n\t\t<\/section>\n\t\t\t\t<\/div>\n\t\t","protected":false},"excerpt":{"rendered":"<p>Le cabaret Les Non Sens savent peut \u00eatre o\u00f9 ils vont, mais ils ne savent pas encore comment, car \u00e0 chaque fois la route est diff\u00e9rente ! Cinq com\u00e9diens et leur MC inventeront pour vous ces histoires qui vous emm\u00e8neront\u2026 l\u00e0 o\u00f9 ils vont. R\u00e9server sur BilletReduc Le Long Form Ils se connaissaient, ils s\u2019appr\u00e9ciaient, [&hellip;]<\/p>\n","protected":false},"author":1,"featured_media":0,"parent":0,"menu_order":0,"comment_status":"closed","ping_status":"closed","template":"","meta":{"footnotes":""},"class_list":["post-1145","page","type-page","status-publish","hentry"],"_links":{"self":[{"href":"https:\/\/www.nonsens-impro.net\/index.php?rest_route=\/wp\/v2\/pages\/1145"}],"collection":[{"href":"https:\/\/www.nonsens-impro.net\/index.php?rest_route=\/wp\/v2\/pages"}],"about":[{"href":"https:\/\/www.nonsens-impro.net\/index.php?rest_route=\/wp\/v2\/types\/page"}],"author":[{"embeddable":true,"href":"https:\/\/www.nonsens-impro.net\/index.php?rest_route=\/wp\/v2\/users\/1"}],"replies":[{"embeddable":true,"href":"https:\/\/www.nonsens-impro.net\/index.php?rest_route=%2Fwp%2Fv2%2Fcomments&post=1145"}],"version-history":[{"count":11,"href":"https:\/\/www.nonsens-impro.net\/index.php?rest_route=\/wp\/v2\/pages\/1145\/revisions"}],"predecessor-version":[{"id":1226,"href":"https:\/\/www.nonsens-impro.net\/index.php?rest_route=\/wp\/v2\/pages\/1145\/revisions\/1226"}],"wp:attachment":[{"href":"https:\/\/www.nonsens-impro.net\/index.php?rest_route=%2Fwp%2Fv2%2Fmedia&parent=1145"}],"curies":[{"name":"wp","href":"https:\/\/api.w.org\/{rel}","templated":true}]}}