{"id":1139,"date":"2024-09-26T12:27:23","date_gmt":"2024-09-26T10:27:23","guid":{"rendered":"https:\/\/www.nonsens-impro.net\/?page_id=1139"},"modified":"2024-09-26T12:27:23","modified_gmt":"2024-09-26T10:27:23","slug":"qui-sommes-nous-2","status":"publish","type":"page","link":"https:\/\/www.nonsens-impro.net\/?page_id=1139","title":{"rendered":"Qui sommes-nous ?"},"content":{"rendered":"\t\t<div data-elementor-type=\"wp-page\" data-elementor-id=\"1139\" class=\"elementor elementor-1139\">\n\t\t\t\t\t\t<section class=\"elementor-section elementor-top-section elementor-element elementor-element-222a6cbe elementor-section-content-middle elementor-reverse-mobile elementor-section-boxed elementor-section-height-default elementor-section-height-default\" data-id=\"222a6cbe\" data-element_type=\"section\">\n\t\t\t\t\t\t<div class=\"elementor-container elementor-column-gap-no\">\n\t\t\t\t\t<div class=\"elementor-column elementor-col-50 elementor-top-column elementor-element elementor-element-42aba0de\" data-id=\"42aba0de\" data-element_type=\"column\">\n\t\t\t<div class=\"elementor-widget-wrap elementor-element-populated\">\n\t\t\t\t\t\t<div class=\"elementor-element elementor-element-20b7f3a6 elementor-widget elementor-widget-heading\" data-id=\"20b7f3a6\" data-element_type=\"widget\" data-widget_type=\"heading.default\">\n\t\t\t\t<div class=\"elementor-widget-container\">\n\t\t\t<h3 class=\"elementor-heading-title elementor-size-default\">La Troupe<\/h3>\t\t<\/div>\n\t\t\t\t<\/div>\n\t\t\t\t<div class=\"elementor-element elementor-element-7cdc967e elementor-widget elementor-widget-text-editor\" data-id=\"7cdc967e\" data-element_type=\"widget\" data-widget_type=\"text-editor.default\">\n\t\t\t\t<div class=\"elementor-widget-container\">\n\t\t\t\t\t\t\t<p>La troupe des Non-sens est compos\u00e9e d\u2019une vingtaine d\u2019improvisateurs !<\/p><p>Elle se produit en spectacle plusieurs fois par mois \u00e0 Paris \u00e0 l\u2019occasion de cabarets, de matchs, \u2026 Les Non-Sens acceptent volontiers des invitations d\u2019autres troupes venues des quatre coins du pays, voire du monde\u00a0: ils sont all\u00e9s \u00e0 Nantes, \u00e0 Lyon, dans le Cantal et m\u00eame au Maroc !<\/p>\t\t\t\t\t\t<\/div>\n\t\t\t\t<\/div>\n\t\t\t\t\t<\/div>\n\t\t<\/div>\n\t\t\t\t<div class=\"elementor-column elementor-col-50 elementor-top-column elementor-element elementor-element-50790a91\" data-id=\"50790a91\" data-element_type=\"column\">\n\t\t\t<div class=\"elementor-widget-wrap elementor-element-populated\">\n\t\t\t\t\t\t<div class=\"elementor-element elementor-element-2f16374 elementor-arrows-position-inside elementor-pagination-position-outside elementor-widget elementor-widget-image-carousel\" data-id=\"2f16374\" data-element_type=\"widget\" data-settings=\"{&quot;slides_to_show&quot;:&quot;1&quot;,&quot;autoplay_speed&quot;:900,&quot;effect&quot;:&quot;fade&quot;,&quot;speed&quot;:1000,&quot;navigation&quot;:&quot;both&quot;,&quot;autoplay&quot;:&quot;yes&quot;,&quot;pause_on_hover&quot;:&quot;yes&quot;,&quot;pause_on_interaction&quot;:&quot;yes&quot;,&quot;infinite&quot;:&quot;yes&quot;}\" data-widget_type=\"image-carousel.default\">\n\t\t\t\t<div class=\"elementor-widget-container\">\n\t\t\t\t\t<div class=\"elementor-image-carousel-wrapper swiper\" dir=\"ltr\">\n\t\t\t<div class=\"elementor-image-carousel swiper-wrapper\" aria-live=\"off\">\n\t\t\t\t\t\t\t\t<div class=\"swiper-slide\" role=\"group\" aria-roledescription=\"slide\" aria-label=\"1 sur 6\"><figure class=\"swiper-slide-inner\"><img decoding=\"async\" class=\"swiper-slide-image\" src=\"https:\/\/www.nonsens-impro.net\/wp-content\/uploads\/2023\/12\/nonsens_dos-1024x768.jpg\" alt=\"nonsens_dos\" \/><\/figure><\/div><div class=\"swiper-slide\" role=\"group\" aria-roledescription=\"slide\" aria-label=\"2 sur 6\"><figure class=\"swiper-slide-inner\"><img decoding=\"async\" class=\"swiper-slide-image\" src=\"https:\/\/www.nonsens-impro.net\/wp-content\/uploads\/2024\/03\/IMG-20220306-WA0011.jpg\" alt=\"IMG-20220306-WA0011\" \/><\/figure><\/div><div class=\"swiper-slide\" role=\"group\" aria-roledescription=\"slide\" aria-label=\"3 sur 6\"><figure class=\"swiper-slide-inner\"><img decoding=\"async\" class=\"swiper-slide-image\" src=\"https:\/\/www.nonsens-impro.net\/wp-content\/uploads\/2024\/03\/Weekend-Non-Sens-PhotoPaille4-1024x768.jpg\" alt=\"Weekend Non Sens - PhotoPaille4\" \/><\/figure><\/div><div class=\"swiper-slide\" role=\"group\" aria-roledescription=\"slide\" aria-label=\"4 sur 6\"><figure class=\"swiper-slide-inner\"><img decoding=\"async\" class=\"swiper-slide-image\" src=\"https:\/\/www.nonsens-impro.net\/wp-content\/uploads\/2024\/03\/IMG-20231203-WA0007-1024x768.jpg\" alt=\"IMG-20231203-WA0007\" \/><\/figure><\/div><div class=\"swiper-slide\" role=\"group\" aria-roledescription=\"slide\" aria-label=\"5 sur 6\"><figure class=\"swiper-slide-inner\"><img decoding=\"async\" class=\"swiper-slide-image\" src=\"https:\/\/www.nonsens-impro.net\/wp-content\/uploads\/2024\/03\/IMG-20240206-WA0004-1024x768.jpg\" alt=\"IMG-20240206-WA0004\" \/><\/figure><\/div><div class=\"swiper-slide\" role=\"group\" aria-roledescription=\"slide\" aria-label=\"6 sur 6\"><figure class=\"swiper-slide-inner\"><img decoding=\"async\" class=\"swiper-slide-image\" src=\"https:\/\/www.nonsens-impro.net\/wp-content\/uploads\/2018\/08\/11850699_1066703476681035_8709593963198570655_o-1-1024x768.jpg\" alt=\"11850699_1066703476681035_8709593963198570655_o (1)\" \/><\/figure><\/div>\t\t\t<\/div>\n\t\t\t\t\t\t\t\t\t\t\t\t<div class=\"elementor-swiper-button elementor-swiper-button-prev\" role=\"button\" tabindex=\"0\">\n\t\t\t\t\t\t<i aria-hidden=\"true\" class=\"eicon-chevron-left\"><\/i>\t\t\t\t\t<\/div>\n\t\t\t\t\t<div class=\"elementor-swiper-button elementor-swiper-button-next\" role=\"button\" tabindex=\"0\">\n\t\t\t\t\t\t<i aria-hidden=\"true\" class=\"eicon-chevron-right\"><\/i>\t\t\t\t\t<\/div>\n\t\t\t\t\n\t\t\t\t\t\t\t\t\t<div class=\"swiper-pagination\"><\/div>\n\t\t\t\t\t\t\t\t\t<\/div>\n\t\t\t\t<\/div>\n\t\t\t\t<\/div>\n\t\t\t\t\t<\/div>\n\t\t<\/div>\n\t\t\t\t\t<\/div>\n\t\t<\/section>\n\t\t\t\t<section class=\"elementor-section elementor-top-section elementor-element elementor-element-39268c75 elementor-section-content-middle elementor-section-boxed elementor-section-height-default elementor-section-height-default\" data-id=\"39268c75\" data-element_type=\"section\">\n\t\t\t\t\t\t<div class=\"elementor-container elementor-column-gap-no\">\n\t\t\t\t\t<div class=\"elementor-column elementor-col-50 elementor-top-column elementor-element elementor-element-137ac471\" data-id=\"137ac471\" data-element_type=\"column\">\n\t\t\t<div class=\"elementor-widget-wrap elementor-element-populated\">\n\t\t\t\t\t\t<div class=\"elementor-element elementor-element-23c605a8 elementor-widget elementor-widget-image\" data-id=\"23c605a8\" data-element_type=\"widget\" data-widget_type=\"image.default\">\n\t\t\t\t<div class=\"elementor-widget-container\">\n\t\t\t\t\t\t\t\t\t\t\t\t\t<img fetchpriority=\"high\" decoding=\"async\" width=\"1229\" height=\"822\" src=\"https:\/\/www.nonsens-impro.net\/wp-content\/uploads\/2022\/12\/YPQA.jpg\" class=\"attachment-full size-full wp-image-757\" alt=\"\" srcset=\"https:\/\/www.nonsens-impro.net\/wp-content\/uploads\/2022\/12\/YPQA.jpg 1229w, https:\/\/www.nonsens-impro.net\/wp-content\/uploads\/2022\/12\/YPQA-300x201.jpg 300w, https:\/\/www.nonsens-impro.net\/wp-content\/uploads\/2022\/12\/YPQA-1024x685.jpg 1024w, https:\/\/www.nonsens-impro.net\/wp-content\/uploads\/2022\/12\/YPQA-768x514.jpg 768w\" sizes=\"(max-width: 1229px) 100vw, 1229px\" \/>\t\t\t\t\t\t\t\t\t\t\t\t\t<\/div>\n\t\t\t\t<\/div>\n\t\t\t\t\t<\/div>\n\t\t<\/div>\n\t\t\t\t<div class=\"elementor-column elementor-col-50 elementor-top-column elementor-element elementor-element-570fd502\" data-id=\"570fd502\" data-element_type=\"column\">\n\t\t\t<div class=\"elementor-widget-wrap elementor-element-populated\">\n\t\t\t\t\t\t<div class=\"elementor-element elementor-element-1f0cf8e8 elementor-widget elementor-widget-heading\" data-id=\"1f0cf8e8\" data-element_type=\"widget\" data-widget_type=\"heading.default\">\n\t\t\t\t<div class=\"elementor-widget-container\">\n\t\t\t<h4 class=\"elementor-heading-title elementor-size-default\">Y'a Pas Qu'Les Arts<\/h4>\t\t<\/div>\n\t\t\t\t<\/div>\n\t\t\t\t<div class=\"elementor-element elementor-element-73013413 elementor-widget elementor-widget-text-editor\" data-id=\"73013413\" data-element_type=\"widget\" data-widget_type=\"text-editor.default\">\n\t\t\t\t<div class=\"elementor-widget-container\">\n\t\t\t\t\t\t\t<p><span style=\"color: #333333;\">La troupe des Non-Sens est rattach\u00e9e \u00e0 l&rsquo;association Y\u2019a Pas qu\u2019les Arts, qui existe depuis septembre 2003. \u00c0 l\u2019origine l\u2019association avait pour but de s\u2019\u00e9tendre, s\u2019investir, se diversifier, en regroupant diverses activit\u00e9s artistiques. Elle a \u00e9galement abrit\u00e9 dans le pass\u00e9 un atelier d\u2019impro d\u00e9butant, un cours de dessin, un cours d\u2019expression th\u00e9\u00e2trale, un cours d\u2019impro pour adolescents et un atelier d\u2019\u00e9criture. Depuis l\u2019association, fid\u00e8le \u00e0 ses principes, reste ouverte \u00e0 divers projets toujours bas\u00e9s sur l\u2019impro.<\/span><\/p>\t\t\t\t\t\t<\/div>\n\t\t\t\t<\/div>\n\t\t\t\t\t<\/div>\n\t\t<\/div>\n\t\t\t\t\t<\/div>\n\t\t<\/section>\n\t\t\t\t<section class=\"elementor-section elementor-top-section elementor-element elementor-element-46625cac elementor-section-full_width elementor-section-height-default elementor-section-height-default\" data-id=\"46625cac\" data-element_type=\"section\">\n\t\t\t\t\t\t<div class=\"elementor-container elementor-column-gap-no\">\n\t\t\t\t\t<div class=\"elementor-column elementor-col-100 elementor-top-column elementor-element elementor-element-69680d25\" data-id=\"69680d25\" data-element_type=\"column\">\n\t\t\t<div class=\"elementor-widget-wrap elementor-element-populated\">\n\t\t\t\t\t\t<div class=\"elementor-element elementor-element-61708d68 elementor-widget elementor-widget-heading\" data-id=\"61708d68\" data-element_type=\"widget\" data-widget_type=\"heading.default\">\n\t\t\t\t<div class=\"elementor-widget-container\">\n\t\t\t<h3 class=\"elementor-heading-title elementor-size-default\">Nos spectateurs parlent de nous<\/h3>\t\t<\/div>\n\t\t\t\t<\/div>\n\t\t\t\t<section class=\"elementor-section elementor-inner-section elementor-element elementor-element-5af98ff6 elementor-section-full_width elementor-section-height-default elementor-section-height-default\" data-id=\"5af98ff6\" data-element_type=\"section\">\n\t\t\t\t\t\t<div class=\"elementor-container elementor-column-gap-no\">\n\t\t\t\t\t<div class=\"elementor-column elementor-col-33 elementor-inner-column elementor-element elementor-element-44ce220d\" data-id=\"44ce220d\" data-element_type=\"column\">\n\t\t\t<div class=\"elementor-widget-wrap elementor-element-populated\">\n\t\t\t\t\t\t<div class=\"elementor-element elementor-element-2324dc39 elementor-widget elementor-widget-testimonial\" data-id=\"2324dc39\" data-element_type=\"widget\" data-widget_type=\"testimonial.default\">\n\t\t\t\t<div class=\"elementor-widget-container\">\n\t\t\t\t\t<div class=\"elementor-testimonial-wrapper\">\n\t\t\t\t\t\t\t<div class=\"elementor-testimonial-content\">\u201cPremi\u00e8re fois que j'assiste \u00e0 du th\u00e9\u00e2tre d'improvisation et c'\u00e9tait top ! De tr\u00e8s bons acteurs qui ont une excellente r\u00e9partie. Je reviendrai les voir avec plaisir.\u201d<\/div>\n\t\t\t\n\t\t\t\t\t<\/div>\n\t\t\t\t<\/div>\n\t\t\t\t<\/div>\n\t\t\t\t\t<\/div>\n\t\t<\/div>\n\t\t\t\t<div class=\"elementor-column elementor-col-33 elementor-inner-column elementor-element elementor-element-97b4038\" data-id=\"97b4038\" data-element_type=\"column\">\n\t\t\t<div class=\"elementor-widget-wrap elementor-element-populated\">\n\t\t\t\t\t\t<div class=\"elementor-element elementor-element-3c38d592 elementor-widget elementor-widget-testimonial\" data-id=\"3c38d592\" data-element_type=\"widget\" data-widget_type=\"testimonial.default\">\n\t\t\t\t<div class=\"elementor-widget-container\">\n\t\t\t\t\t<div class=\"elementor-testimonial-wrapper\">\n\t\t\t\t\t\t\t<div class=\"elementor-testimonial-content\">\u201cTr\u00e8s agr\u00e9able soir\u00e9e en compagnie des non sens hier soir. Un spectacle d'impro plein d'\u00e9nergie: Des improvisations bien construites et des personnages forts. Habitu\u00e9 des spectacles d'improvisation, je vous conseille d'aller d\u00e9couvrir ces talentueux com\u00e9diens. Fous rires garantis !\u201d<\/div>\n\t\t\t\n\t\t\t\t\t<\/div>\n\t\t\t\t<\/div>\n\t\t\t\t<\/div>\n\t\t\t\t\t<\/div>\n\t\t<\/div>\n\t\t\t\t<div class=\"elementor-column elementor-col-33 elementor-inner-column elementor-element elementor-element-228b83d8\" data-id=\"228b83d8\" data-element_type=\"column\">\n\t\t\t<div class=\"elementor-widget-wrap elementor-element-populated\">\n\t\t\t\t\t\t<div class=\"elementor-element elementor-element-2f9cb73f elementor-widget elementor-widget-testimonial\" data-id=\"2f9cb73f\" data-element_type=\"widget\" data-widget_type=\"testimonial.default\">\n\t\t\t\t<div class=\"elementor-widget-container\">\n\t\t\t\t\t<div class=\"elementor-testimonial-wrapper\">\n\t\t\t\t\t\t\t<div class=\"elementor-testimonial-content\">\u201cJ'ai \u00e9t\u00e9 impressionn\u00e9 par la capacit\u00e9 des acteurs de jouer les sc\u00e8nes compl\u00e8tes en fonction d'un choix du public. J'y retourne samedi avec une autre personne ! Vous voulez passer une bonne soir\u00e9e ? Alors allez-y !\u201d<\/div>\n\t\t\t\n\t\t\t\t\t<\/div>\n\t\t\t\t<\/div>\n\t\t\t\t<\/div>\n\t\t\t\t\t<\/div>\n\t\t<\/div>\n\t\t\t\t\t<\/div>\n\t\t<\/section>\n\t\t\t\t\t<\/div>\n\t\t<\/div>\n\t\t\t\t\t<\/div>\n\t\t<\/section>\n\t\t\t\t<\/div>\n\t\t","protected":false},"excerpt":{"rendered":"<p>La Troupe La troupe des Non-sens est compos\u00e9e d\u2019une vingtaine d\u2019improvisateurs ! Elle se produit en spectacle plusieurs fois par mois \u00e0 Paris \u00e0 l\u2019occasion de cabarets, de matchs, \u2026 Les Non-Sens acceptent volontiers des invitations d\u2019autres troupes venues des quatre coins du pays, voire du monde\u00a0: ils sont all\u00e9s \u00e0 Nantes, \u00e0 Lyon, dans [&hellip;]<\/p>\n","protected":false},"author":1,"featured_media":0,"parent":0,"menu_order":0,"comment_status":"closed","ping_status":"closed","template":"","meta":{"footnotes":""},"class_list":["post-1139","page","type-page","status-publish","hentry"],"_links":{"self":[{"href":"https:\/\/www.nonsens-impro.net\/index.php?rest_route=\/wp\/v2\/pages\/1139"}],"collection":[{"href":"https:\/\/www.nonsens-impro.net\/index.php?rest_route=\/wp\/v2\/pages"}],"about":[{"href":"https:\/\/www.nonsens-impro.net\/index.php?rest_route=\/wp\/v2\/types\/page"}],"author":[{"embeddable":true,"href":"https:\/\/www.nonsens-impro.net\/index.php?rest_route=\/wp\/v2\/users\/1"}],"replies":[{"embeddable":true,"href":"https:\/\/www.nonsens-impro.net\/index.php?rest_route=%2Fwp%2Fv2%2Fcomments&post=1139"}],"version-history":[{"count":26,"href":"https:\/\/www.nonsens-impro.net\/index.php?rest_route=\/wp\/v2\/pages\/1139\/revisions"}],"predecessor-version":[{"id":1228,"href":"https:\/\/www.nonsens-impro.net\/index.php?rest_route=\/wp\/v2\/pages\/1139\/revisions\/1228"}],"wp:attachment":[{"href":"https:\/\/www.nonsens-impro.net\/index.php?rest_route=%2Fwp%2Fv2%2Fmedia&parent=1139"}],"curies":[{"name":"wp","href":"https:\/\/api.w.org\/{rel}","templated":true}]}}